{"id":1361,"date":"2017-05-04T09:13:09","date_gmt":"2017-05-04T08:13:09","guid":{"rendered":"https:\/\/www.textisonics.com\/?page_id=1361\/"},"modified":"2017-05-04T09:13:52","modified_gmt":"2017-05-04T08:13:52","slug":"m-400w-m-1200w","status":"publish","type":"page","link":"https:\/\/www.textisonics.com\/en\/m-400w-m-1200w\/","title":{"rendered":"M 400W \/ M 1200W"},"content":{"rendered":"<div class=\"wpb-content-wrapper\"><p>[vc_row][vc_column][vc_column_text]<strong>&#8220;Ultra-Star <u>M<\/u> GENIUS 400-35 or 1200-35&#8243; : <u>high speed<\/u> ultrasonic sealing and in line cutting<\/strong>[\/vc_column_text][\/vc_column][\/vc_row][vc_row margin_top=&#8221;20&#8243; margin_bottom=&#8221;20&#8243;][vc_column]<section class=\"shortcode-action-box table shortcode-action-bg block-style-widget no-line\"><div class=\"text-big\"><p><a class=\"dt-single-image\" href=\"https:\/\/www.textisonics.com\/wp-content\/uploads\/2015\/08\/400-1200.jpg\" data-dt-img-description=\"\"><img loading=\"lazy\" decoding=\"async\" class=\"alignleft size-Mini wp-image-569\" src=\"https:\/\/www.textisonics.com\/wp-content\/uploads\/2015\/08\/400-1200-170x170.jpg\" alt=\"400-1200\" width=\"170\" height=\"170\" srcset=\"https:\/\/www.textisonics.com\/wp-content\/uploads\/2015\/08\/400-1200-170x170.jpg 170w, https:\/\/www.textisonics.com\/wp-content\/uploads\/2015\/08\/400-1200-150x150.jpg 150w\" sizes=\"auto, (max-width: 170px) 100vw, 170px\" \/><\/a><\/p>\n<p><strong><em>Ultrasonic Equipment <\/em><\/strong><strong><em>Type &#8220;Ultra-Star M Genius 400-35&#8221; <\/em><\/strong><strong>Or \u201cUltra Star M Genius 1200-35\u201d<\/strong><\/p>\n<p><strong><em>Patented system &#8220;Sonics Touch Control&#8221;<\/em><\/strong><\/p>\n<p><strong><em>For sealing by multispots welds with slitting by blade, o<\/em><\/strong><strong><em>n weaving looms or on continuous machines at higher speed.<\/em><\/strong><\/p>\n<p>&nbsp;<\/p>\n<a href=\"https:\/\/www.textisonics.com\/contact\/\" class=\"btn-shortcode dt-btn-m dt-btn default-btn-color default-btn-hover-color default-btn-bg-color default-btn-bg-hover-color\" target=\"_blank\" id=\"dt-btn-1\" rel=\"noopener\"><span>CONTACTEZ-NOUS<\/span><\/a>\n<\/div><\/section>[\/vc_column][\/vc_row][vc_row margin_top=&#8221;20&#8243; margin_bottom=&#8221;20&#8243;][vc_column][vc_column_text]<strong>Features \/ Advantages of the product<\/strong>[\/vc_column_text][\/vc_column][\/vc_row][vc_row][vc_column]<div class=\"standard-arrow bullet-top\"><ul>\n<li><strong>Higher efficiency compared to the &#8220;Ultra Star Genius 400-35&#8221; device<\/strong><\/li>\n<li><strong>Regularity and quality of the sealing thanks <\/strong>to the accurate pressure adjustment of the sonotrode on the sealing wheel<\/li>\n<li><strong>Product Longevity<\/strong>: durability of the spare parts, very easy to replace or repair<\/li>\n<li><strong>\u201cSonics <\/strong><strong>T<\/strong><strong>ouch Control\u201d<\/strong><strong>:<\/strong> a patented approach system of the sonotrode, accurate and without constant pressure.<\/li>\n<li><strong>Automatic protection of your fabrics<\/strong>: the safety stop is triggered by the detection of non-slitting and the detection of sonotrode rising<\/li>\n<li><strong>Personalized according to your needs: <\/strong>positioning of the sealing head on the right or on the left of the cut especially for flat looms<\/li>\n<\/ul>\n<\/div>[vc_column_text css=&#8221;.vc_custom_1446656732660{margin-top: 20px !important;margin-bottom: 20px !important;}&#8221;]<\/p>\n\n\t\t\t<style type='text\/css'>\n\t\t\t\t#gallery-1 {\n\t\t\t\t\tmargin: auto;\n\t\t\t\t}\n\t\t\t\t#gallery-1 .gallery-item {\n\t\t\t\t\tfloat: left;\n\t\t\t\t\tmargin-top: 10px;\n\t\t\t\t\ttext-align: center;\n\t\t\t\t\twidth: 50%;\n\t\t\t\t}\n\t\t\t\t#gallery-1 img {\n\t\t\t\t\tborder: 2px solid #cfcfcf;\n\t\t\t\t}\n\t\t\t\t#gallery-1 .gallery-caption {\n\t\t\t\t\tmargin-left: 0;\n\t\t\t\t}\n\t\t\t\t\/* see gallery_shortcode() in wp-includes\/media.php *\/\n\t\t\t<\/style>\n\t\t<div id='gallery-1' class='dt-gallery-container gallery galleryid-1361 gallery-columns-2 gallery-size-Mini'><dl class='gallery-item'>\n\t\t\t\t<dt class='gallery-icon portrait'>\n\t\t\t\t\t<a class=\"rollover rollover-zoom dt-pswp-item\" title=\"ULTRA STAR + booster + refroidissement sonotrode\" data-dt-img-description=\"\" data-large_image_width=\"702\" data-large_image_height=\"1024\"href='https:\/\/www.textisonics.com\/wp-content\/uploads\/2015\/08\/400-1200.jpg'><img loading=\"lazy\" decoding=\"async\" width=\"170\" height=\"170\" src=\"https:\/\/www.textisonics.com\/wp-content\/uploads\/2015\/08\/400-1200-170x170.jpg\" class=\"attachment-Mini size-Mini\" alt=\"\" srcset=\"https:\/\/www.textisonics.com\/wp-content\/uploads\/2015\/08\/400-1200-170x170.jpg 170w, https:\/\/www.textisonics.com\/wp-content\/uploads\/2015\/08\/400-1200-150x150.jpg 150w\" sizes=\"auto, (max-width: 170px) 100vw, 170px\" \/><\/a>\n\t\t\t\t<\/dt><\/dl><dl class='gallery-item'>\n\t\t\t\t<dt class='gallery-icon landscape'>\n\t\t\t\t\t<a class=\"rollover rollover-zoom dt-pswp-item\" title=\"SL552200\" data-dt-img-description=\"\" data-large_image_width=\"1024\" data-large_image_height=\"576\"href='https:\/\/www.textisonics.com\/wp-content\/uploads\/2015\/08\/SL552200.jpg'><img loading=\"lazy\" decoding=\"async\" width=\"170\" height=\"170\" src=\"https:\/\/www.textisonics.com\/wp-content\/uploads\/2015\/08\/SL552200-170x170.jpg\" class=\"attachment-Mini size-Mini\" alt=\"\" srcset=\"https:\/\/www.textisonics.com\/wp-content\/uploads\/2015\/08\/SL552200-170x170.jpg 170w, https:\/\/www.textisonics.com\/wp-content\/uploads\/2015\/08\/SL552200-150x150.jpg 150w\" sizes=\"auto, (max-width: 170px) 100vw, 170px\" \/><\/a>\n\t\t\t\t<\/dt><\/dl><br style=\"clear: both\" \/>\n\t\t\t<\/div>\n\n<p>[\/vc_column_text][\/vc_column][\/vc_row][vc_row margin_top=&#8221;20&#8243; margin_bottom=&#8221;20&#8243;][vc_column][vc_column_text]<strong>Technical Features<\/strong>[\/vc_column_text][\/vc_column][\/vc_row][vc_row][vc_column]<div class=\"standard-arrow bullet-top\"><ul>\n<li>To be installed on machines or lines<\/li>\n<li>Sealing on engraved wheel, followed by slitting through pentagonal ceramic blade<\/li>\n<li>Stationary sonotrode and rotary engraved wheel pulled by the fabric<\/li>\n<li>Widths of standard sealing: 20mm (other dimensions: 8, 12, 16, 25mm, on request)<\/li>\n<li>Speed: up to 100 m\/min, according to fabrics to be cut and customer&#8217;s specifications<\/li>\n<li>Tension: 230 V-50 \/ 60 Hz \u2013 single phase current (equipment entirely electric)<\/li>\n<li>Power: up to 400 W \u2013 Frequency: 35 kHz or up to 1200 W \u2013 Frequency: 35 kHz<\/li>\n<\/ul>\n<\/div>[\/vc_column][\/vc_row][vc_row margin_top=&#8221;20&#8243; margin_bottom=&#8221;20&#8243;][vc_column][vc_column_text]<\/p>\n<h4>Applications<\/h4>\n<p>[\/vc_column_text][\/vc_column][\/vc_row][vc_row][vc_column width=&#8221;2\/3&#8243;]<div class=\"standard-arrow bullet-top\"><ul>\n<li><a href=\"https:\/\/www.textisonics.com\/big-bag\/\">Big bags<\/a><\/li>\n<li><a href=\"https:\/\/www.textisonics.com\/geotextiles\/\">G\u00e9otextiles<\/a><\/li>\n<li><a href=\"https:\/\/www.textisonics.com\/constructeurs-de-machines\/\">Int\u00e9gration sur m\u00e9tiers \u00e0 tisser et machines<\/a><\/li>\n<\/ul>\n<\/div>[\/vc_column][vc_column width=&#8221;1\/3&#8243;]<a href=\"https:\/\/www.textisonics.com\/contact\/\" class=\"btn-shortcode dt-btn-m dt-btn default-btn-color default-btn-hover-color default-btn-bg-color default-btn-bg-hover-color\" id=\"dt-btn-2\"><i class=\"fa fa-paper-plane\"><\/i><span>CONTACTEZ-NOUS<\/span><\/a><style type=\"text\/css\">#dt-btn-3 {background: #dd3333;}<\/style><a href=\"#\" class=\"btn-shortcode dt-btn-m dt-btn default-btn-color default-btn-hover-color default-btn-bg-hover-color\" target=\"_blank\" id=\"dt-btn-3\" rel=\"noopener\"><i class=\"fa fa-file-pdf-o\"><\/i><span>DOCUMENTATION<\/span><\/a>[\/vc_column][\/vc_row]<\/p>\n<\/div>","protected":false},"excerpt":{"rendered":"<p>[vc_row][vc_column][vc_column_text]&#8220;Ultra-Star M GENIUS 400-35 or 1200-35&#8243; : high speed ultrasonic sealing and in line cutting[\/vc_column_text][\/vc_column][\/vc_row][vc_row margin_top=&#8221;20&#8243; margin_bottom=&#8221;20&#8243;][vc_column][\/vc_column][\/vc_row][vc_row margin_top=&#8221;20&#8243; margin_bottom=&#8221;20&#8243;][vc_column][vc_column_text]Features \/ Advantages of the product[\/vc_column_text][\/vc_column][\/vc_row][vc_row][vc_column][vc_column_text css=&#8221;.vc_custom_1446656732660{margin-top: 20px !important;margin-bottom: 20px !important;}&#8221;] [\/vc_column_text][\/vc_column][\/vc_row][vc_row margin_top=&#8221;20&#8243; margin_bottom=&#8221;20&#8243;][vc_column][vc_column_text]Technical Features[\/vc_column_text][\/vc_column][\/vc_row][vc_row][vc_column][\/vc_column][\/vc_row][vc_row margin_top=&#8221;20&#8243; margin_bottom=&#8221;20&#8243;][vc_column][vc_column_text] Applications [\/vc_column_text][\/vc_column][\/vc_row][vc_row][vc_column width=&#8221;2\/3&#8243;][\/vc_column][vc_column width=&#8221;1\/3&#8243;][\/vc_column][\/vc_row]<\/p>\n","protected":false},"author":3,"featured_media":0,"parent":0,"menu_order":3,"comment_status":"closed","ping_status":"open","template":"","meta":{"footnotes":""},"class_list":["post-1361","page","type-page","status-publish","hentry","description-off"],"yoast_head":"<!-- This site is optimized with the Yoast SEO plugin v27.5 - https:\/\/yoast.com\/product\/yoast-seo-wordpress\/ -->\n<title>M 400W \/ M 1200W - Texti Sonics<\/title>\n<meta name=\"robots\" content=\"index, follow, max-snippet:-1, max-image-preview:large, max-video-preview:-1\" \/>\n<link rel=\"canonical\" href=\"https:\/\/www.textisonics.com\/en\/m-400w-m-1200w\/\" \/>\n<meta property=\"og:locale\" content=\"en_US\" \/>\n<meta property=\"og:type\" content=\"article\" \/>\n<meta property=\"og:title\" content=\"M 400W \/ M 1200W - Texti Sonics\" \/>\n<meta property=\"og:description\" content=\"[vc_row][vc_column][vc_column_text]&#8220;Ultra-Star M GENIUS 400-35 or 1200-35&#8243; : high speed ultrasonic sealing and in line cutting[\/vc_column_text][\/vc_column][\/vc_row][vc_row margin_top=&#8221;20&#8243; margin_bottom=&#8221;20&#8243;][vc_column][\/vc_column][\/vc_row][vc_row margin_top=&#8221;20&#8243; margin_bottom=&#8221;20&#8243;][vc_column][vc_column_text]Features \/ Advantages of the product[\/vc_column_text][\/vc_column][\/vc_row][vc_row][vc_column][vc_column_text css=&#8221;.vc_custom_1446656732660{margin-top: 20px !important;margin-bottom: 20px !important;}&#8221;] [\/vc_column_text][\/vc_column][\/vc_row][vc_row margin_top=&#8221;20&#8243; margin_bottom=&#8221;20&#8243;][vc_column][vc_column_text]Technical Features[\/vc_column_text][\/vc_column][\/vc_row][vc_row][vc_column][\/vc_column][\/vc_row][vc_row margin_top=&#8221;20&#8243; margin_bottom=&#8221;20&#8243;][vc_column][vc_column_text] Applications [\/vc_column_text][\/vc_column][\/vc_row][vc_row][vc_column width=&#8221;2\/3&#8243;][\/vc_column][vc_column width=&#8221;1\/3&#8243;][\/vc_column][\/vc_row]\" \/>\n<meta property=\"og:url\" content=\"https:\/\/www.textisonics.com\/en\/m-400w-m-1200w\/\" \/>\n<meta property=\"og:site_name\" content=\"Texti Sonics\" \/>\n<meta property=\"article:modified_time\" content=\"2017-05-04T08:13:52+00:00\" \/>\n<meta property=\"og:image\" content=\"https:\/\/www.textisonics.com\/wp-content\/uploads\/2015\/08\/400-1200-170x170.jpg\" \/>\n<meta name=\"twitter:card\" content=\"summary_large_image\" \/>\n<meta name=\"twitter:label1\" content=\"Est. reading time\" \/>\n\t<meta name=\"twitter:data1\" content=\"2 minutes\" \/>\n<script type=\"application\/ld+json\" class=\"yoast-schema-graph\">{\"@context\":\"https:\\\/\\\/schema.org\",\"@graph\":[{\"@type\":\"WebPage\",\"@id\":\"https:\\\/\\\/www.textisonics.com\\\/en\\\/m-400w-m-1200w\\\/\",\"url\":\"https:\\\/\\\/www.textisonics.com\\\/en\\\/m-400w-m-1200w\\\/\",\"name\":\"M 400W \\\/ M 1200W - Texti Sonics\",\"isPartOf\":{\"@id\":\"https:\\\/\\\/www.textisonics.com\\\/#website\"},\"primaryImageOfPage\":{\"@id\":\"https:\\\/\\\/www.textisonics.com\\\/en\\\/m-400w-m-1200w\\\/#primaryimage\"},\"image\":{\"@id\":\"https:\\\/\\\/www.textisonics.com\\\/en\\\/m-400w-m-1200w\\\/#primaryimage\"},\"thumbnailUrl\":\"https:\\\/\\\/www.textisonics.com\\\/wp-content\\\/uploads\\\/2015\\\/08\\\/400-1200-170x170.jpg\",\"datePublished\":\"2017-05-04T08:13:09+00:00\",\"dateModified\":\"2017-05-04T08:13:52+00:00\",\"breadcrumb\":{\"@id\":\"https:\\\/\\\/www.textisonics.com\\\/en\\\/m-400w-m-1200w\\\/#breadcrumb\"},\"inLanguage\":\"en-US\",\"potentialAction\":[{\"@type\":\"ReadAction\",\"target\":[\"https:\\\/\\\/www.textisonics.com\\\/en\\\/m-400w-m-1200w\\\/\"]}]},{\"@type\":\"ImageObject\",\"inLanguage\":\"en-US\",\"@id\":\"https:\\\/\\\/www.textisonics.com\\\/en\\\/m-400w-m-1200w\\\/#primaryimage\",\"url\":\"https:\\\/\\\/www.textisonics.com\\\/wp-content\\\/uploads\\\/2015\\\/08\\\/400-1200-170x170.jpg\",\"contentUrl\":\"https:\\\/\\\/www.textisonics.com\\\/wp-content\\\/uploads\\\/2015\\\/08\\\/400-1200-170x170.jpg\"},{\"@type\":\"BreadcrumbList\",\"@id\":\"https:\\\/\\\/www.textisonics.com\\\/en\\\/m-400w-m-1200w\\\/#breadcrumb\",\"itemListElement\":[{\"@type\":\"ListItem\",\"position\":1,\"name\":\"Accueil\",\"item\":\"https:\\\/\\\/www.textisonics.com\\\/en\\\/\"},{\"@type\":\"ListItem\",\"position\":2,\"name\":\"M 400W \\\/ M 1200W\"}]},{\"@type\":\"WebSite\",\"@id\":\"https:\\\/\\\/www.textisonics.com\\\/#website\",\"url\":\"https:\\\/\\\/www.textisonics.com\\\/\",\"name\":\"Texti Sonics\",\"description\":\"Ultrasonics textil sewing and cutting\",\"publisher\":{\"@id\":\"https:\\\/\\\/www.textisonics.com\\\/#organization\"},\"potentialAction\":[{\"@type\":\"SearchAction\",\"target\":{\"@type\":\"EntryPoint\",\"urlTemplate\":\"https:\\\/\\\/www.textisonics.com\\\/?s={search_term_string}\"},\"query-input\":{\"@type\":\"PropertyValueSpecification\",\"valueRequired\":true,\"valueName\":\"search_term_string\"}}],\"inLanguage\":\"en-US\"},{\"@type\":\"Organization\",\"@id\":\"https:\\\/\\\/www.textisonics.com\\\/#organization\",\"name\":\"Textisonics\",\"url\":\"https:\\\/\\\/www.textisonics.com\\\/\",\"logo\":{\"@type\":\"ImageObject\",\"inLanguage\":\"en-US\",\"@id\":\"https:\\\/\\\/www.textisonics.com\\\/#\\\/schema\\\/logo\\\/image\\\/\",\"url\":\"https:\\\/\\\/www.textisonics.com\\\/wp-content\\\/uploads\\\/2015\\\/08\\\/logolast.png\",\"contentUrl\":\"https:\\\/\\\/www.textisonics.com\\\/wp-content\\\/uploads\\\/2015\\\/08\\\/logolast.png\",\"width\":307,\"height\":110,\"caption\":\"Textisonics\"},\"image\":{\"@id\":\"https:\\\/\\\/www.textisonics.com\\\/#\\\/schema\\\/logo\\\/image\\\/\"}}]}<\/script>\n<!-- \/ Yoast SEO plugin. -->","yoast_head_json":{"title":"M 400W \/ M 1200W - Texti Sonics","robots":{"index":"index","follow":"follow","max-snippet":"max-snippet:-1","max-image-preview":"max-image-preview:large","max-video-preview":"max-video-preview:-1"},"canonical":"https:\/\/www.textisonics.com\/en\/m-400w-m-1200w\/","og_locale":"en_US","og_type":"article","og_title":"M 400W \/ M 1200W - Texti Sonics","og_description":"[vc_row][vc_column][vc_column_text]&#8220;Ultra-Star M GENIUS 400-35 or 1200-35&#8243; : high speed ultrasonic sealing and in line cutting[\/vc_column_text][\/vc_column][\/vc_row][vc_row margin_top=&#8221;20&#8243; margin_bottom=&#8221;20&#8243;][vc_column][\/vc_column][\/vc_row][vc_row margin_top=&#8221;20&#8243; margin_bottom=&#8221;20&#8243;][vc_column][vc_column_text]Features \/ Advantages of the product[\/vc_column_text][\/vc_column][\/vc_row][vc_row][vc_column][vc_column_text css=&#8221;.vc_custom_1446656732660{margin-top: 20px !important;margin-bottom: 20px !important;}&#8221;] [\/vc_column_text][\/vc_column][\/vc_row][vc_row margin_top=&#8221;20&#8243; margin_bottom=&#8221;20&#8243;][vc_column][vc_column_text]Technical Features[\/vc_column_text][\/vc_column][\/vc_row][vc_row][vc_column][\/vc_column][\/vc_row][vc_row margin_top=&#8221;20&#8243; margin_bottom=&#8221;20&#8243;][vc_column][vc_column_text] Applications [\/vc_column_text][\/vc_column][\/vc_row][vc_row][vc_column width=&#8221;2\/3&#8243;][\/vc_column][vc_column width=&#8221;1\/3&#8243;][\/vc_column][\/vc_row]","og_url":"https:\/\/www.textisonics.com\/en\/m-400w-m-1200w\/","og_site_name":"Texti Sonics","article_modified_time":"2017-05-04T08:13:52+00:00","og_image":[{"url":"https:\/\/www.textisonics.com\/wp-content\/uploads\/2015\/08\/400-1200-170x170.jpg","type":"","width":"","height":""}],"twitter_card":"summary_large_image","twitter_misc":{"Est. reading time":"2 minutes"},"schema":{"@context":"https:\/\/schema.org","@graph":[{"@type":"WebPage","@id":"https:\/\/www.textisonics.com\/en\/m-400w-m-1200w\/","url":"https:\/\/www.textisonics.com\/en\/m-400w-m-1200w\/","name":"M 400W \/ M 1200W - Texti Sonics","isPartOf":{"@id":"https:\/\/www.textisonics.com\/#website"},"primaryImageOfPage":{"@id":"https:\/\/www.textisonics.com\/en\/m-400w-m-1200w\/#primaryimage"},"image":{"@id":"https:\/\/www.textisonics.com\/en\/m-400w-m-1200w\/#primaryimage"},"thumbnailUrl":"https:\/\/www.textisonics.com\/wp-content\/uploads\/2015\/08\/400-1200-170x170.jpg","datePublished":"2017-05-04T08:13:09+00:00","dateModified":"2017-05-04T08:13:52+00:00","breadcrumb":{"@id":"https:\/\/www.textisonics.com\/en\/m-400w-m-1200w\/#breadcrumb"},"inLanguage":"en-US","potentialAction":[{"@type":"ReadAction","target":["https:\/\/www.textisonics.com\/en\/m-400w-m-1200w\/"]}]},{"@type":"ImageObject","inLanguage":"en-US","@id":"https:\/\/www.textisonics.com\/en\/m-400w-m-1200w\/#primaryimage","url":"https:\/\/www.textisonics.com\/wp-content\/uploads\/2015\/08\/400-1200-170x170.jpg","contentUrl":"https:\/\/www.textisonics.com\/wp-content\/uploads\/2015\/08\/400-1200-170x170.jpg"},{"@type":"BreadcrumbList","@id":"https:\/\/www.textisonics.com\/en\/m-400w-m-1200w\/#breadcrumb","itemListElement":[{"@type":"ListItem","position":1,"name":"Accueil","item":"https:\/\/www.textisonics.com\/en\/"},{"@type":"ListItem","position":2,"name":"M 400W \/ M 1200W"}]},{"@type":"WebSite","@id":"https:\/\/www.textisonics.com\/#website","url":"https:\/\/www.textisonics.com\/","name":"Texti Sonics","description":"Ultrasonics textil sewing and cutting","publisher":{"@id":"https:\/\/www.textisonics.com\/#organization"},"potentialAction":[{"@type":"SearchAction","target":{"@type":"EntryPoint","urlTemplate":"https:\/\/www.textisonics.com\/?s={search_term_string}"},"query-input":{"@type":"PropertyValueSpecification","valueRequired":true,"valueName":"search_term_string"}}],"inLanguage":"en-US"},{"@type":"Organization","@id":"https:\/\/www.textisonics.com\/#organization","name":"Textisonics","url":"https:\/\/www.textisonics.com\/","logo":{"@type":"ImageObject","inLanguage":"en-US","@id":"https:\/\/www.textisonics.com\/#\/schema\/logo\/image\/","url":"https:\/\/www.textisonics.com\/wp-content\/uploads\/2015\/08\/logolast.png","contentUrl":"https:\/\/www.textisonics.com\/wp-content\/uploads\/2015\/08\/logolast.png","width":307,"height":110,"caption":"Textisonics"},"image":{"@id":"https:\/\/www.textisonics.com\/#\/schema\/logo\/image\/"}}]}},"_links":{"self":[{"href":"https:\/\/www.textisonics.com\/en\/wp-json\/wp\/v2\/pages\/1361","targetHints":{"allow":["GET"]}}],"collection":[{"href":"https:\/\/www.textisonics.com\/en\/wp-json\/wp\/v2\/pages"}],"about":[{"href":"https:\/\/www.textisonics.com\/en\/wp-json\/wp\/v2\/types\/page"}],"author":[{"embeddable":true,"href":"https:\/\/www.textisonics.com\/en\/wp-json\/wp\/v2\/users\/3"}],"replies":[{"embeddable":true,"href":"https:\/\/www.textisonics.com\/en\/wp-json\/wp\/v2\/comments?post=1361"}],"version-history":[{"count":0,"href":"https:\/\/www.textisonics.com\/en\/wp-json\/wp\/v2\/pages\/1361\/revisions"}],"wp:attachment":[{"href":"https:\/\/www.textisonics.com\/en\/wp-json\/wp\/v2\/media?parent=1361"}],"curies":[{"name":"wp","href":"https:\/\/api.w.org\/{rel}","templated":true}]}}