{"id":774,"date":"2015-08-14T17:55:22","date_gmt":"2015-08-14T16:55:22","guid":{"rendered":"https:\/\/www.textisonics.com\/en\/ultra-star\/"},"modified":"2016-04-19T17:26:00","modified_gmt":"2016-04-19T16:26:00","slug":"ultra-star","status":"publish","type":"page","link":"https:\/\/www.textisonics.com\/en\/ultra-star\/","title":{"rendered":"Ultra Star"},"content":{"rendered":"<div class=\"wpb-content-wrapper\"><p>[vc_row][vc_column][vc_column_text]<\/p>\n<h2>Soudage et coupe en ligne par ultrasons<\/h2>\n<p>[\/vc_column_text][\/vc_column][\/vc_row][vc_row margin_top=&#8221;20&#8243; margin_bottom=&#8221;20&#8243;][vc_column]<section class=\"shortcode-action-box table shortcode-action-bg block-style-widget no-line\"><div class=\"text-big\"><p><a class=\"dt-single-image\" href=\"https:\/\/www.textisonics.com\/wp-content\/uploads\/2015\/08\/Ultra-Star-2.jpg\" data-dt-img-description=\"\"><img loading=\"lazy\" decoding=\"async\" class=\"alignleft size-Mini wp-image-225\" src=\"https:\/\/www.textisonics.com\/wp-content\/uploads\/2015\/08\/Ultra-Star-2-170x170.jpg\" alt=\"Ultra-Star-2\" width=\"170\" height=\"170\" srcset=\"https:\/\/www.textisonics.com\/wp-content\/uploads\/2015\/08\/Ultra-Star-2-170x170.jpg 170w, https:\/\/www.textisonics.com\/wp-content\/uploads\/2015\/08\/Ultra-Star-2-150x150.jpg 150w, https:\/\/www.textisonics.com\/wp-content\/uploads\/2015\/08\/Ultra-Star-2-300x300.jpg 300w, https:\/\/www.textisonics.com\/wp-content\/uploads\/2015\/08\/Ultra-Star-2-1024x1024.jpg 1024w, https:\/\/www.textisonics.com\/wp-content\/uploads\/2015\/08\/Ultra-Star-2.jpg 1240w\" sizes=\"auto, (max-width: 170px) 100vw, 170px\" \/><\/a>Equipement \u00e0 ultrasons &#8220;Ultra-Star Genius 400-35&#8221;<br \/>\npour soudures multi-points avec coupe, sur m\u00e9tiers \u00e0 tisser et machines en continu.<\/p>\n<p>Syst\u00e8me brevet\u00e9 &#8220;Sonics Touch Control&#8221;.<\/p>\n<p>&nbsp;<\/p>\n<a href=\"https:\/\/www.textisonics.com\/contact\/\" class=\"btn-shortcode dt-btn-m dt-btn default-btn-color default-btn-hover-color default-btn-bg-color default-btn-bg-hover-color\" target=\"_blank\" id=\"dt-btn-1\" rel=\"noopener\"><span>CONTACTEZ-NOUS<\/span><\/a>\n<\/div><\/section>[\/vc_column][\/vc_row][vc_row margin_top=&#8221;20&#8243; margin_bottom=&#8221;20&#8243;][vc_column][vc_column_text]<\/p>\n<h4>Sp\u00e9cificit\u00e9s \/ avantages produit<\/h4>\n<p>[\/vc_column_text][\/vc_column][\/vc_row][vc_row][vc_column]<div class=\"standard-arrow bullet-top\"><ul>\n<li><strong>R\u00e9gularit\u00e9 et qualit\u00e9 de la soudure<\/strong> gr\u00e2ce \u00e0 la pr\u00e9cision de la position de la sonotrode sur la molette<\/li>\n<li><strong>P\u00e9rennit\u00e9 produit<\/strong> : long\u00e9vit\u00e9 des pi\u00e8ces de rechange et grande facilit\u00e9 de remplacement \/ r\u00e9paration.<\/li>\n<li><strong>&#8220;Sonics Touch Control&#8221;<\/strong> : syst\u00e8me d&#8217;approche de la sonotrode brevet\u00e9, pr\u00e9cis et sans pression.<\/li>\n<li><strong>Protection automatique de vos produits<\/strong> : d\u00e9tection de non-coupe et du relevage de la sonotrode d\u00e9clenchant l&#8217;arr\u00eat de s\u00e9curit\u00e9.<\/li>\n<li><strong>Personnalisation selon vos besoins<\/strong> : positionnement de la soudure \u00e0 droite ou \u00e0 gauche de la coupe pour m\u00e9tier \u00e0 plat.<\/li>\n<\/ul>\n<\/div>[vc_column_text css=&#8221;.vc_custom_1446655751493{margin-top: 30px !important;}&#8221;]<\/p>\n<div class=\"shortcode-gallery dt-format-gallery gallery-col-4 galleryid-774 dt-gallery-container\" style=\"width: 100%;\"><a href=\"https:\/\/www.textisonics.com\/wp-content\/uploads\/2015\/08\/us2.jpg\" class=\"rollover rollover-zoom dt-pswp-item big-img layzr-bg\" title=\"us2\"  data-dt-img-description=\"\" data-large_image_width=\"1024\" data-large_image_height = \"1024\"><img fetchpriority=\"high\" decoding=\"async\" src=\"data:image\/svg+xml,%3Csvg%20xmlns%3D&#39;http%3A%2F%2Fwww.w3.org%2F2000%2Fsvg&#39;%20viewBox%3D&#39;0%200%20600%20600&#39;%2F%3E\" data-src=\"https:\/\/www.textisonics.com\/wp-content\/uploads\/2015\/08\/us2-600x600.jpg\" data-srcset=\"https:\/\/www.textisonics.com\/wp-content\/uploads\/2015\/08\/us2-600x600.jpg 600w, https:\/\/www.textisonics.com\/wp-content\/uploads\/2015\/08\/us2.jpg 1024w\" loading=\"eager\" style=\"--ratio: 600 \/ 600\" sizes=\"(max-width: 600px) 100vw, 600px\" class=\"preload-me lazy-load aspect\" width=\"600\" height=\"600\"  alt=\"us2\" title=\"us2\" \/><\/a><a href=\"https:\/\/www.textisonics.com\/wp-content\/uploads\/2015\/08\/Image1.jpg\" class=\"rollover rollover-zoom dt-pswp-item layzr-bg\" title=\"Image1\"  data-dt-img-description=\"\" data-large_image_width=\"1024\" data-large_image_height = \"872\"><img decoding=\"async\" src=\"data:image\/svg+xml,%3Csvg%20xmlns%3D&#39;http%3A%2F%2Fwww.w3.org%2F2000%2Fsvg&#39;%20viewBox%3D&#39;0%200%20300%20300&#39;%2F%3E\" data-src=\"https:\/\/www.textisonics.com\/wp-content\/uploads\/2015\/08\/Image1-300x300.jpg\" data-srcset=\"https:\/\/www.textisonics.com\/wp-content\/uploads\/2015\/08\/Image1-300x300.jpg 300w, https:\/\/www.textisonics.com\/wp-content\/uploads\/2015\/08\/Image1-600x600.jpg 600w\" loading=\"eager\" style=\"--ratio: 300 \/ 300\" sizes=\"(max-width: 300px) 100vw, 300px\" class=\"preload-me lazy-load aspect\" width=\"300\" height=\"300\"  alt=\"Image1\" title=\"Image1\" \/><\/a><a href=\"https:\/\/www.textisonics.com\/wp-content\/uploads\/2015\/09\/metier-a-tisser-2-appareils-soudure.jpg\" class=\"rollover rollover-zoom dt-pswp-item layzr-bg\" title=\"metier-a-tisser-2-appareils-soudure\"  data-dt-img-description=\"\" data-large_image_width=\"1111\" data-large_image_height = \"825\"><img decoding=\"async\" src=\"data:image\/svg+xml,%3Csvg%20xmlns%3D&#39;http%3A%2F%2Fwww.w3.org%2F2000%2Fsvg&#39;%20viewBox%3D&#39;0%200%20300%20300&#39;%2F%3E\" data-src=\"https:\/\/www.textisonics.com\/wp-content\/uploads\/2015\/09\/metier-a-tisser-2-appareils-soudure-300x300.jpg\" data-srcset=\"https:\/\/www.textisonics.com\/wp-content\/uploads\/2015\/09\/metier-a-tisser-2-appareils-soudure-300x300.jpg 300w, https:\/\/www.textisonics.com\/wp-content\/uploads\/2015\/09\/metier-a-tisser-2-appareils-soudure-600x600.jpg 600w\" loading=\"eager\" style=\"--ratio: 300 \/ 300\" sizes=\"(max-width: 300px) 100vw, 300px\" class=\"preload-me lazy-load aspect\" width=\"300\" height=\"300\"  alt=\"metier-a-tisser-2-appareils-soudure\" title=\"metier-a-tisser-2-appareils-soudure\" \/><\/a><\/div>\n<p>[\/vc_column_text][\/vc_column][\/vc_row][vc_row margin_top=&#8221;20&#8243; margin_bottom=&#8221;20&#8243;][vc_column][vc_column_text]<\/p>\n<h4>Caract\u00e9ristiques techniques<\/h4>\n<p>[\/vc_column_text][\/vc_column][\/vc_row][vc_row][vc_column]<div class=\"standard-arrow bullet-top\"><ul>\n<li>Equipement \u00e0 installer sur machines ou sur lignes de production.<\/li>\n<li>Soudure sur molette suivie d&#8217;une coupe par lame c\u00e9ramique et pentagonale.<\/li>\n<li>Sonotrode fixe et molette tournante entra\u00een\u00e9e par le produit.<\/li>\n<li>Largeur de soudure standard: 20 mm (autres dimensions sur commande: 8, 12, 16, 25 mm).<\/li>\n<li>Vitesse: jusqu&#8217;\u00e0 80 m\u00e8tres\/minute suivant produits \u00e0 couper et selon votre cahier des charges.<\/li>\n<li>Tension: 230 V-50 \/ 60 Hz &#8211; monophas\u00e9 (appareil enti\u00e8rement \u00e9lectrique).<\/li>\n<li>Puissance: jusqu&#8217;\u00e0 400 W &#8211; Fr\u00e9quence: 35 kHz.<\/li>\n<\/ul>\n<\/div>[\/vc_column][\/vc_row][vc_row margin_top=&#8221;20&#8243; margin_bottom=&#8221;20&#8243;][vc_column][vc_column_text]<\/p>\n<h4>Applications<\/h4>\n<p>[\/vc_column_text][\/vc_column][\/vc_row][vc_row][vc_column width=&#8221;2\/3&#8243;]<div class=\"standard-arrow bullet-top\"><ul>\n<li><a href=\"https:\/\/www.textisonics.com\/en\/big-bag\/\">Big bags<\/a><\/li>\n<li><a href=\"\/?page_id=26\">G\u00e9otextiles<\/a><\/li>\n<li><a href=\"\/?page_id=24\">Int\u00e9gration sur m\u00e9tiers \u00e0 tisser et machines<\/a><\/li>\n<\/ul>\n<\/div>[\/vc_column][vc_column width=&#8221;1\/3&#8243;]<a href=\"https:\/\/www.textisonics.com\/contact\/\" class=\"btn-shortcode dt-btn-m dt-btn default-btn-color default-btn-hover-color default-btn-bg-color default-btn-bg-hover-color\" id=\"dt-btn-2\"><i class=\"fa fa-paper-plane\"><\/i><span>CONTACTEZ-NOUS<\/span><\/a><style type=\"text\/css\">#dt-btn-3 {background: #dd3333;}<\/style><a href=\"https:\/\/www.textisonics.com\/wp-content\/uploads\/2016\/03\/FR-Ultra-star-pour-impression.pdf\" class=\"btn-shortcode dt-btn-m dt-btn default-btn-color default-btn-hover-color default-btn-bg-hover-color\" target=\"_blank\" id=\"dt-btn-3\" rel=\"noopener\"><i class=\"fa fa-file-pdf-o\"><\/i><span>DOCUMENTATION<\/span><\/a>[\/vc_column][\/vc_row]<\/p>\n<\/div>","protected":false},"excerpt":{"rendered":"<p>[vc_row][vc_column][vc_column_text] Soudage et coupe en ligne par ultrasons [\/vc_column_text][\/vc_column][\/vc_row][vc_row margin_top=&#8221;20&#8243; margin_bottom=&#8221;20&#8243;][vc_column][\/vc_column][\/vc_row][vc_row margin_top=&#8221;20&#8243; margin_bottom=&#8221;20&#8243;][vc_column][vc_column_text] Sp\u00e9cificit\u00e9s \/ avantages produit [\/vc_column_text][\/vc_column][\/vc_row][vc_row][vc_column][vc_column_text css=&#8221;.vc_custom_1446655751493{margin-top: 30px !important;}&#8221;] [\/vc_column_text][\/vc_column][\/vc_row][vc_row margin_top=&#8221;20&#8243; margin_bottom=&#8221;20&#8243;][vc_column][vc_column_text] Caract\u00e9ristiques techniques [\/vc_column_text][\/vc_column][\/vc_row][vc_row][vc_column][\/vc_column][\/vc_row][vc_row margin_top=&#8221;20&#8243; margin_bottom=&#8221;20&#8243;][vc_column][vc_column_text] Applications [\/vc_column_text][\/vc_column][\/vc_row][vc_row][vc_column width=&#8221;2\/3&#8243;][\/vc_column][vc_column width=&#8221;1\/3&#8243;][\/vc_column][\/vc_row]<\/p>\n","protected":false},"author":1,"featured_media":0,"parent":0,"menu_order":1,"comment_status":"closed","ping_status":"open","template":"","meta":{"footnotes":""},"class_list":["post-774","page","type-page","status-publish","hentry","description-off"],"yoast_head":"<!-- This site is optimized with the Yoast SEO plugin v27.5 - https:\/\/yoast.com\/product\/yoast-seo-wordpress\/ -->\n<title>Ultra Star - Texti Sonics<\/title>\n<meta name=\"robots\" content=\"index, follow, max-snippet:-1, max-image-preview:large, max-video-preview:-1\" \/>\n<link rel=\"canonical\" href=\"https:\/\/www.textisonics.com\/en\/ultra-star\/\" \/>\n<meta property=\"og:locale\" content=\"en_US\" \/>\n<meta property=\"og:type\" content=\"article\" \/>\n<meta property=\"og:title\" content=\"Ultra Star - Texti Sonics\" \/>\n<meta property=\"og:description\" content=\"[vc_row][vc_column][vc_column_text] Soudage et coupe en ligne par ultrasons [\/vc_column_text][\/vc_column][\/vc_row][vc_row margin_top=&#8221;20&#8243; margin_bottom=&#8221;20&#8243;][vc_column][\/vc_column][\/vc_row][vc_row margin_top=&#8221;20&#8243; margin_bottom=&#8221;20&#8243;][vc_column][vc_column_text] Sp\u00e9cificit\u00e9s \/ avantages produit [\/vc_column_text][\/vc_column][\/vc_row][vc_row][vc_column][vc_column_text css=&#8221;.vc_custom_1446655751493{margin-top: 30px !important;}&#8221;] [\/vc_column_text][\/vc_column][\/vc_row][vc_row margin_top=&#8221;20&#8243; margin_bottom=&#8221;20&#8243;][vc_column][vc_column_text] Caract\u00e9ristiques techniques [\/vc_column_text][\/vc_column][\/vc_row][vc_row][vc_column][\/vc_column][\/vc_row][vc_row margin_top=&#8221;20&#8243; margin_bottom=&#8221;20&#8243;][vc_column][vc_column_text] Applications [\/vc_column_text][\/vc_column][\/vc_row][vc_row][vc_column width=&#8221;2\/3&#8243;][\/vc_column][vc_column width=&#8221;1\/3&#8243;][\/vc_column][\/vc_row]\" \/>\n<meta property=\"og:url\" content=\"https:\/\/www.textisonics.com\/en\/ultra-star\/\" \/>\n<meta property=\"og:site_name\" content=\"Texti Sonics\" \/>\n<meta property=\"article:modified_time\" content=\"2016-04-19T16:26:00+00:00\" \/>\n<meta property=\"og:image\" content=\"\" \/>\n<meta name=\"twitter:card\" content=\"summary_large_image\" \/>\n<meta name=\"twitter:label1\" content=\"Est. reading time\" \/>\n\t<meta name=\"twitter:data1\" content=\"2 minutes\" \/>\n<script type=\"application\/ld+json\" class=\"yoast-schema-graph\">{\"@context\":\"https:\\\/\\\/schema.org\",\"@graph\":[{\"@type\":\"WebPage\",\"@id\":\"https:\\\/\\\/www.textisonics.com\\\/en\\\/ultra-star\\\/\",\"url\":\"https:\\\/\\\/www.textisonics.com\\\/en\\\/ultra-star\\\/\",\"name\":\"Ultra Star - Texti Sonics\",\"isPartOf\":{\"@id\":\"https:\\\/\\\/www.textisonics.com\\\/#website\"},\"primaryImageOfPage\":{\"@id\":\"https:\\\/\\\/www.textisonics.com\\\/en\\\/ultra-star\\\/#primaryimage\"},\"image\":{\"@id\":\"https:\\\/\\\/www.textisonics.com\\\/en\\\/ultra-star\\\/#primaryimage\"},\"thumbnailUrl\":\"https:\\\/\\\/www.textisonics.com\\\/wp-content\\\/uploads\\\/2015\\\/08\\\/Ultra-Star-2-170x170.jpg\",\"datePublished\":\"2015-08-14T16:55:22+00:00\",\"dateModified\":\"2016-04-19T16:26:00+00:00\",\"breadcrumb\":{\"@id\":\"https:\\\/\\\/www.textisonics.com\\\/en\\\/ultra-star\\\/#breadcrumb\"},\"inLanguage\":\"en-US\",\"potentialAction\":[{\"@type\":\"ReadAction\",\"target\":[\"https:\\\/\\\/www.textisonics.com\\\/en\\\/ultra-star\\\/\"]}]},{\"@type\":\"ImageObject\",\"inLanguage\":\"en-US\",\"@id\":\"https:\\\/\\\/www.textisonics.com\\\/en\\\/ultra-star\\\/#primaryimage\",\"url\":\"https:\\\/\\\/www.textisonics.com\\\/wp-content\\\/uploads\\\/2015\\\/08\\\/Ultra-Star-2-170x170.jpg\",\"contentUrl\":\"https:\\\/\\\/www.textisonics.com\\\/wp-content\\\/uploads\\\/2015\\\/08\\\/Ultra-Star-2-170x170.jpg\"},{\"@type\":\"BreadcrumbList\",\"@id\":\"https:\\\/\\\/www.textisonics.com\\\/en\\\/ultra-star\\\/#breadcrumb\",\"itemListElement\":[{\"@type\":\"ListItem\",\"position\":1,\"name\":\"Accueil\",\"item\":\"https:\\\/\\\/www.textisonics.com\\\/en\\\/\"},{\"@type\":\"ListItem\",\"position\":2,\"name\":\"Ultra Star\"}]},{\"@type\":\"WebSite\",\"@id\":\"https:\\\/\\\/www.textisonics.com\\\/#website\",\"url\":\"https:\\\/\\\/www.textisonics.com\\\/\",\"name\":\"Texti Sonics\",\"description\":\"Ultrasonics textil sewing and cutting\",\"publisher\":{\"@id\":\"https:\\\/\\\/www.textisonics.com\\\/#organization\"},\"potentialAction\":[{\"@type\":\"SearchAction\",\"target\":{\"@type\":\"EntryPoint\",\"urlTemplate\":\"https:\\\/\\\/www.textisonics.com\\\/?s={search_term_string}\"},\"query-input\":{\"@type\":\"PropertyValueSpecification\",\"valueRequired\":true,\"valueName\":\"search_term_string\"}}],\"inLanguage\":\"en-US\"},{\"@type\":\"Organization\",\"@id\":\"https:\\\/\\\/www.textisonics.com\\\/#organization\",\"name\":\"Textisonics\",\"url\":\"https:\\\/\\\/www.textisonics.com\\\/\",\"logo\":{\"@type\":\"ImageObject\",\"inLanguage\":\"en-US\",\"@id\":\"https:\\\/\\\/www.textisonics.com\\\/#\\\/schema\\\/logo\\\/image\\\/\",\"url\":\"https:\\\/\\\/www.textisonics.com\\\/wp-content\\\/uploads\\\/2015\\\/08\\\/logolast.png\",\"contentUrl\":\"https:\\\/\\\/www.textisonics.com\\\/wp-content\\\/uploads\\\/2015\\\/08\\\/logolast.png\",\"width\":307,\"height\":110,\"caption\":\"Textisonics\"},\"image\":{\"@id\":\"https:\\\/\\\/www.textisonics.com\\\/#\\\/schema\\\/logo\\\/image\\\/\"}}]}<\/script>\n<!-- \/ Yoast SEO plugin. -->","yoast_head_json":{"title":"Ultra Star - Texti Sonics","robots":{"index":"index","follow":"follow","max-snippet":"max-snippet:-1","max-image-preview":"max-image-preview:large","max-video-preview":"max-video-preview:-1"},"canonical":"https:\/\/www.textisonics.com\/en\/ultra-star\/","og_locale":"en_US","og_type":"article","og_title":"Ultra Star - Texti Sonics","og_description":"[vc_row][vc_column][vc_column_text] Soudage et coupe en ligne par ultrasons [\/vc_column_text][\/vc_column][\/vc_row][vc_row margin_top=&#8221;20&#8243; margin_bottom=&#8221;20&#8243;][vc_column][\/vc_column][\/vc_row][vc_row margin_top=&#8221;20&#8243; margin_bottom=&#8221;20&#8243;][vc_column][vc_column_text] Sp\u00e9cificit\u00e9s \/ avantages produit [\/vc_column_text][\/vc_column][\/vc_row][vc_row][vc_column][vc_column_text css=&#8221;.vc_custom_1446655751493{margin-top: 30px !important;}&#8221;] [\/vc_column_text][\/vc_column][\/vc_row][vc_row margin_top=&#8221;20&#8243; margin_bottom=&#8221;20&#8243;][vc_column][vc_column_text] Caract\u00e9ristiques techniques [\/vc_column_text][\/vc_column][\/vc_row][vc_row][vc_column][\/vc_column][\/vc_row][vc_row margin_top=&#8221;20&#8243; margin_bottom=&#8221;20&#8243;][vc_column][vc_column_text] Applications [\/vc_column_text][\/vc_column][\/vc_row][vc_row][vc_column width=&#8221;2\/3&#8243;][\/vc_column][vc_column width=&#8221;1\/3&#8243;][\/vc_column][\/vc_row]","og_url":"https:\/\/www.textisonics.com\/en\/ultra-star\/","og_site_name":"Texti Sonics","article_modified_time":"2016-04-19T16:26:00+00:00","og_image":[{"url":"data:image\/svg+xml,%3Csvg%20xmlns%3D&#39;http%3A%2F%2Fwww.w3.org%2F2000%2Fsvg&#39;%20viewBox%3D&#39;0%200%20600%20600&#39;%2F%3E","type":"","width":"","height":""}],"twitter_card":"summary_large_image","twitter_misc":{"Est. reading time":"2 minutes"},"schema":{"@context":"https:\/\/schema.org","@graph":[{"@type":"WebPage","@id":"https:\/\/www.textisonics.com\/en\/ultra-star\/","url":"https:\/\/www.textisonics.com\/en\/ultra-star\/","name":"Ultra Star - Texti Sonics","isPartOf":{"@id":"https:\/\/www.textisonics.com\/#website"},"primaryImageOfPage":{"@id":"https:\/\/www.textisonics.com\/en\/ultra-star\/#primaryimage"},"image":{"@id":"https:\/\/www.textisonics.com\/en\/ultra-star\/#primaryimage"},"thumbnailUrl":"https:\/\/www.textisonics.com\/wp-content\/uploads\/2015\/08\/Ultra-Star-2-170x170.jpg","datePublished":"2015-08-14T16:55:22+00:00","dateModified":"2016-04-19T16:26:00+00:00","breadcrumb":{"@id":"https:\/\/www.textisonics.com\/en\/ultra-star\/#breadcrumb"},"inLanguage":"en-US","potentialAction":[{"@type":"ReadAction","target":["https:\/\/www.textisonics.com\/en\/ultra-star\/"]}]},{"@type":"ImageObject","inLanguage":"en-US","@id":"https:\/\/www.textisonics.com\/en\/ultra-star\/#primaryimage","url":"https:\/\/www.textisonics.com\/wp-content\/uploads\/2015\/08\/Ultra-Star-2-170x170.jpg","contentUrl":"https:\/\/www.textisonics.com\/wp-content\/uploads\/2015\/08\/Ultra-Star-2-170x170.jpg"},{"@type":"BreadcrumbList","@id":"https:\/\/www.textisonics.com\/en\/ultra-star\/#breadcrumb","itemListElement":[{"@type":"ListItem","position":1,"name":"Accueil","item":"https:\/\/www.textisonics.com\/en\/"},{"@type":"ListItem","position":2,"name":"Ultra Star"}]},{"@type":"WebSite","@id":"https:\/\/www.textisonics.com\/#website","url":"https:\/\/www.textisonics.com\/","name":"Texti Sonics","description":"Ultrasonics textil sewing and cutting","publisher":{"@id":"https:\/\/www.textisonics.com\/#organization"},"potentialAction":[{"@type":"SearchAction","target":{"@type":"EntryPoint","urlTemplate":"https:\/\/www.textisonics.com\/?s={search_term_string}"},"query-input":{"@type":"PropertyValueSpecification","valueRequired":true,"valueName":"search_term_string"}}],"inLanguage":"en-US"},{"@type":"Organization","@id":"https:\/\/www.textisonics.com\/#organization","name":"Textisonics","url":"https:\/\/www.textisonics.com\/","logo":{"@type":"ImageObject","inLanguage":"en-US","@id":"https:\/\/www.textisonics.com\/#\/schema\/logo\/image\/","url":"https:\/\/www.textisonics.com\/wp-content\/uploads\/2015\/08\/logolast.png","contentUrl":"https:\/\/www.textisonics.com\/wp-content\/uploads\/2015\/08\/logolast.png","width":307,"height":110,"caption":"Textisonics"},"image":{"@id":"https:\/\/www.textisonics.com\/#\/schema\/logo\/image\/"}}]}},"_links":{"self":[{"href":"https:\/\/www.textisonics.com\/en\/wp-json\/wp\/v2\/pages\/774","targetHints":{"allow":["GET"]}}],"collection":[{"href":"https:\/\/www.textisonics.com\/en\/wp-json\/wp\/v2\/pages"}],"about":[{"href":"https:\/\/www.textisonics.com\/en\/wp-json\/wp\/v2\/types\/page"}],"author":[{"embeddable":true,"href":"https:\/\/www.textisonics.com\/en\/wp-json\/wp\/v2\/users\/1"}],"replies":[{"embeddable":true,"href":"https:\/\/www.textisonics.com\/en\/wp-json\/wp\/v2\/comments?post=774"}],"version-history":[{"count":0,"href":"https:\/\/www.textisonics.com\/en\/wp-json\/wp\/v2\/pages\/774\/revisions"}],"wp:attachment":[{"href":"https:\/\/www.textisonics.com\/en\/wp-json\/wp\/v2\/media?parent=774"}],"curies":[{"name":"wp","href":"https:\/\/api.w.org\/{rel}","templated":true}]}}