{"id":791,"date":"2015-08-14T17:45:27","date_gmt":"2015-08-14T16:45:27","guid":{"rendered":"https:\/\/www.textisonics.com\/en\/big-bag\/"},"modified":"2015-08-14T17:45:27","modified_gmt":"2015-08-14T16:45:27","slug":"big-bag","status":"publish","type":"page","link":"https:\/\/www.textisonics.com\/en\/big-bag\/","title":{"rendered":"Big Bags"},"content":{"rendered":"<div class=\"wpb-content-wrapper\"><p>[vc_row][vc_column][vc_column_text]<\/p>\n<h2>Soudure et coupe par ultrasons sur tissus pour BIG-BAGS<\/h2>\n<p>[\/vc_column_text][\/vc_column][\/vc_row][vc_row margin_top=&#8221;20&#8243; margin_bottom=&#8221;20&#8243;][vc_column]<section class=\"shortcode-action-box table shortcode-action-bg block-style-widget no-line\"><div class=\"text-big\"><p><a class=\"dt-single-image\" href=\"https:\/\/www.textisonics.com\/wp-content\/uploads\/2015\/08\/tissuBB.jpg\" data-dt-img-description=\"\"><img loading=\"lazy\" decoding=\"async\" class=\"alignleft size-Mini wp-image-325\" src=\"https:\/\/www.textisonics.com\/wp-content\/uploads\/2015\/08\/tissuBB-170x170.jpg\" alt=\"tissuBB\" width=\"170\" height=\"170\" srcset=\"https:\/\/www.textisonics.com\/wp-content\/uploads\/2015\/08\/tissuBB-170x170.jpg 170w, https:\/\/www.textisonics.com\/wp-content\/uploads\/2015\/08\/tissuBB-150x150.jpg 150w, https:\/\/www.textisonics.com\/wp-content\/uploads\/2015\/08\/tissuBB-300x300.jpg 300w, https:\/\/www.textisonics.com\/wp-content\/uploads\/2015\/08\/tissuBB-1024x1024.jpg 1024w, https:\/\/www.textisonics.com\/wp-content\/uploads\/2015\/08\/tissuBB.jpg 1200w\" sizes=\"auto, (max-width: 170px) 100vw, 170px\" \/><\/a>A l\u2019attention des fabricants de Big-Bags,<br \/>\nOuvrez-vous \u00e0 de nouveaux march\u00e9s (industries agro-alimentaires, pharmaceutiques \u2026), gr\u00e2ce \u00e0 la technologie de <strong>soudage et coupe par ultrasons TEXTI SONICS<\/strong>, qui garantit la qualit\u00e9 du r\u00e9sultat.<br \/>\nTEXTI SONICS, r\u00e9f\u00e9rence mondiale des appareils de soudure et coupe par ultrasons pour les big bags, a d\u00e9velopp\u00e9 un S<strong>yst\u00e8me brevet\u00e9 \u00ab Sonics Touch Control \u00bb<\/strong> pour une qualit\u00e9 in\u00e9gal\u00e9e.<\/p>\n<\/div><\/section>[\/vc_column][\/vc_row][vc_row margin_top=&#8221;20&#8243; margin_bottom=&#8221;20&#8243;][vc_column][vc_column_text]<\/p>\n<h4>Vous qui utilisez encore de la coupe \u00e0 chaud, passez \u00e0 une \u00e9tape sup\u00e9rieure pour vous ouvrir \u00e0 de nouveaux march\u00e9s !<\/h4>\n<p>[\/vc_column_text][\/vc_column][\/vc_row][vc_row][vc_column]<div class=\"standard-arrow bullet-top\"><h5>Les avantages de la coupe par ultrasons compar\u00e9e \u00e0 la coupe \u00e0 chaud :<\/h5>\n<ul>\n<li>Evite les r\u00e9sidus polluants de mati\u00e8re, g\u00e9n\u00e9r\u00e9s par la coupe \u00e0 chaud,<\/li>\n<li>Ne jaunit pas et ne br\u00fble pas le tissu,<\/li>\n<li>Produit des r\u00e9sultats de soudure extr\u00eamement plus r\u00e9sistants et plus durables,<\/li>\n<li>Garantit une meilleure s\u00e9curit\u00e9, en supprimant les risques d&#8217;incendie de la coupe \u00e0 chaud,<\/li>\n<li>Assure une meilleure esth\u00e9tique des lisi\u00e8res soud\u00e9es.<\/li>\n<\/ul>\n<\/div>[\/vc_column][\/vc_row][vc_row margin_top=&#8221;20&#8243; margin_bottom=&#8221;20&#8243;][vc_column][vc_column_text]<\/p>\n<h4>Les appareils de soudage et de coupe par ultrasons TEXTI SONICS sont \u00e9quip\u00e9s en exclusivit\u00e9 de la technologie STC &#8220;Sonic Touch Control&#8221;<\/h4>\n<p>[\/vc_column_text][\/vc_column][\/vc_row][vc_row][vc_column]<div class=\"standard-arrow bullet-top\"><h5>Les avantages du syst\u00e8me &#8220;STC&#8221; brevet\u00e9 \u00e0 l\u2019international :<\/h5>\n<p>Gr\u00e2ce au syst\u00e8me <strong>STC \u00ab Sonic Touch Control \u00bb<\/strong>, nos solutions de coupe et soudage par ultrasons permettent un r\u00e9glage tr\u00e8s pr\u00e9cis et rapide des outillages. Ainsi, nos appareils travaillent \u00e0 distance pr\u00e9r\u00e9gl\u00e9e, plut\u00f4t qu&#8217;en pression incontr\u00f4l\u00e9e.<\/p>\n<p>Le syst\u00e8me STC brevet\u00e9 garantit une soudure parfaite en conservant le bon espacement entre la sonotrode et la molette afin d&#8217;\u00e9viter les d\u00e9fauts expliqu\u00e9s ci-dessous.<\/p>\n<p><img loading=\"lazy\" decoding=\"async\" class=\"aligncenter size-full wp-image-327\" src=\"https:\/\/www.textisonics.com\/wp-content\/uploads\/2015\/08\/stc.png\" alt=\"stc\" width=\"240\" height=\"158\" \/><\/p>\n<p>La soudure trop dense, habituellement provoqu\u00e9e par la soudure par pression incontr\u00f4l\u00e9e g\u00e9n\u00e8re une sur plastification qui a pour d\u00e9faut de d\u00e9truire totalement les caract\u00e9ristiques exceptionnelles de r\u00e9sistance des bandelettes polypropyl\u00e8ne<\/p>\n<p>Les appareils TEXTI SONICS \u00e9quip\u00e9s de ce dispositif sont :<\/p>\n<ul>\n<li><a href=\"https:\/\/www.textisonics.com\/la-gamme\/ultra-star\/\">Ultra Star 400-35<\/a><\/li>\n<li><a href=\"https:\/\/www.textisonics.com\/la-gamme\/m-400w-m-1200w\/\">Ultra Star M 400-35<\/a><\/li>\n<li><a href=\"https:\/\/www.textisonics.com\/la-gamme\/m-400w-m-1200w\/\">Ultra Star M 1200-35<\/a><\/li>\n<li><a href=\"https:\/\/www.textisonics.com\/la-gamme\/hem-welder\/\">Hem Welder 400-35<\/a><\/li>\n<\/ul>\n<\/div>[\/vc_column][\/vc_row][vc_row margin_top=&#8221;20&#8243;][vc_column width=&#8221;1\/2&#8243;][vc_column_text]<img loading=\"lazy\" decoding=\"async\" class=\"aligncenter wp-image-330 size-full\" src=\"https:\/\/www.textisonics.com\/wp-content\/uploads\/2015\/08\/soudure-incontrolee.jpg\" alt=\"soudure-incontrolee\" width=\"156\" height=\"110\" \/><\/p>\n<p>R\u00e9sultat de soudure par ultrasons r\u00e9alis\u00e9es avec pression incontr\u00f4l\u00e9e.[\/vc_column_text][\/vc_column][vc_column width=&#8221;1\/2&#8243;][vc_column_text]<img loading=\"lazy\" decoding=\"async\" class=\"aligncenter wp-image-329 size-full\" src=\"https:\/\/www.textisonics.com\/wp-content\/uploads\/2015\/08\/bonne-soudure.jpg\" alt=\"bonne-soudure\" width=\"156\" height=\"110\" \/><\/p>\n<p>R\u00e9sultat de soudure par ultrasons r\u00e9alis\u00e9es avec STC.[\/vc_column_text][\/vc_column][\/vc_row][vc_row margin_top=&#8221;20&#8243; margin_bottom=&#8221;20&#8243;][vc_column]<div class=\"standard-arrow bullet-top\"><h5>Rappel des utilisations des ultrasons pour la fabrication de Big-bags :<\/h5>\n<ul>\n<li><a href=\"https:\/\/www.textisonics.com\/big-bag\/ouverture-des-tissus-tubulaires\/\"><strong>Ouverture des tissus tubulaires<\/strong><\/a> par soudage multipoints (voir photo ci-dessus) et coupe en continu pour les transformer en tissus \u00e0 plat,<br \/>\n&#8211; <a href=\"https:\/\/www.textisonics.com\/big-bag\/ouverture-des-tissus-tubulaires\/#vl\">coupe \u00e0 vitesse lente sur m\u00e9tiers \u00e0 tisser circulaire<\/a> (<a href=\"https:\/\/www.textisonics.com\/la-gamme\/ultra-star\/\">Ultra Star 400-35<\/a>)<br \/>\n&#8211; <a href=\"https:\/\/www.textisonics.com\/big-bag\/ouverture-des-tissus-tubulaires\/#hv\">coupe \u00e0 plus haute vitesse sur machines s\u00e9par\u00e9es<\/a> (<a href=\"https:\/\/www.textisonics.com\/la-gamme\/m-400w-m-1200w\/\">Ultra Star M 400-35<\/a>) (<a href=\"https:\/\/www.textisonics.com\/la-gamme\/m-400w-m-1200w\/\">Ultra Star M 1200-35<\/a>)<\/li>\n<li><a href=\"https:\/\/www.textisonics.com\/big-bag\/soudage-ultrasons-continu-ourlets\/\">Soudage par ultrasons en continu des ourlets<\/a> sur tissus \u00e0 plat, (<a href=\"https:\/\/www.textisonics.com\/la-gamme\/hem-welder\/\">Hem Welder 400-35<\/a>)<\/li>\n<li><a href=\"https:\/\/www.textisonics.com\/la-gamme\/cutter-frame\/\">Coupe soudante des fils<\/a>, avec ou sans anti poussi\u00e8re, servant \u00e0 la couture finale des Big-bags (<a href=\"https:\/\/www.textisonics.com\/la-gamme\/cutter-frame\/\">Cutter Frame 400-35<\/a>)<\/li>\n<li>Cr\u00e9ation de panneaux par <a href=\"https:\/\/www.textisonics.com\/la-gamme\/banc-de-coupe-automatise\/\">coupe transversale par ultrasons pour tissus \u00e0 plat<\/a> (<a href=\"https:\/\/www.textisonics.com\/la-gamme\/banc-de-coupe-automatise\/\">Banc de coupe automatis\u00e9 avec coupe par dessous<\/a>) (<a href=\"https:\/\/www.textisonics.com\/la-gamme\/gap-slim\/\">Slim 400-35<\/a>)<\/li>\n<li><a href=\"https:\/\/www.textisonics.com\/la-gamme\/gap-slim\/\">Pr\u00e9-positionnement de la sangle par soudage<\/a>, pour positionnement exact avant couture sur Big-bag. (<a href=\"https:\/\/www.textisonics.com\/la-gamme\/gap-slim\/\">Slim 400-35<\/a>)<\/li>\n<\/ul>\n<p>Pour \u00eatre tr\u00e8s efficace le point de soudure doit \u00eatre arrondi et le plus petit possible pour \u00e9viter de d\u00e9truire ou de fragiliser la sangle.<\/p>\n<\/div>[\/vc_column][\/vc_row][vc_row][vc_column]<a href=\"https:\/\/www.textisonics.com\/contact\/\" class=\"btn-shortcode dt-btn-m dt-btn default-btn-color default-btn-hover-color default-btn-bg-color default-btn-bg-hover-color\" id=\"dt-btn-1\"><i class=\"fa fa-paper-plane\"><\/i><span>CONTACTEZ-NOUS<\/span><\/a>[\/vc_column][\/vc_row]<\/p>\n<\/div>","protected":false},"excerpt":{"rendered":"<p>[vc_row][vc_column][vc_column_text] Soudure et coupe par ultrasons sur tissus pour BIG-BAGS [\/vc_column_text][\/vc_column][\/vc_row][vc_row margin_top=&#8221;20&#8243; margin_bottom=&#8221;20&#8243;][vc_column][\/vc_column][\/vc_row][vc_row margin_top=&#8221;20&#8243; margin_bottom=&#8221;20&#8243;][vc_column][vc_column_text] Vous qui utilisez encore de la coupe \u00e0 chaud, passez \u00e0 une \u00e9tape sup\u00e9rieure pour vous ouvrir \u00e0 de nouveaux march\u00e9s ! [\/vc_column_text][\/vc_column][\/vc_row][vc_row][vc_column][\/vc_column][\/vc_row][vc_row margin_top=&#8221;20&#8243; margin_bottom=&#8221;20&#8243;][vc_column][vc_column_text] Les appareils de soudage et de coupe par ultrasons TEXTI SONICS sont \u00e9quip\u00e9s en exclusivit\u00e9&hellip;<\/p>\n","protected":false},"author":1,"featured_media":0,"parent":0,"menu_order":0,"comment_status":"closed","ping_status":"open","template":"","meta":{"footnotes":""},"class_list":["post-791","page","type-page","status-publish","hentry","description-off"],"yoast_head":"<!-- This site is optimized with the Yoast SEO plugin v27.5 - https:\/\/yoast.com\/product\/yoast-seo-wordpress\/ -->\n<title>Big Bags - Texti Sonics<\/title>\n<meta name=\"robots\" content=\"index, follow, max-snippet:-1, max-image-preview:large, max-video-preview:-1\" \/>\n<link rel=\"canonical\" href=\"https:\/\/www.textisonics.com\/en\/big-bag\/\" \/>\n<meta property=\"og:locale\" content=\"en_US\" \/>\n<meta property=\"og:type\" content=\"article\" \/>\n<meta property=\"og:title\" content=\"Big Bags - Texti Sonics\" \/>\n<meta property=\"og:description\" content=\"[vc_row][vc_column][vc_column_text] Soudure et coupe par ultrasons sur tissus pour BIG-BAGS [\/vc_column_text][\/vc_column][\/vc_row][vc_row margin_top=&#8221;20&#8243; margin_bottom=&#8221;20&#8243;][vc_column][\/vc_column][\/vc_row][vc_row margin_top=&#8221;20&#8243; margin_bottom=&#8221;20&#8243;][vc_column][vc_column_text] Vous qui utilisez encore de la coupe \u00e0 chaud, passez \u00e0 une \u00e9tape sup\u00e9rieure pour vous ouvrir \u00e0 de nouveaux march\u00e9s ! [\/vc_column_text][\/vc_column][\/vc_row][vc_row][vc_column][\/vc_column][\/vc_row][vc_row margin_top=&#8221;20&#8243; margin_bottom=&#8221;20&#8243;][vc_column][vc_column_text] Les appareils de soudage et de coupe par ultrasons TEXTI SONICS sont \u00e9quip\u00e9s en exclusivit\u00e9&hellip;\" \/>\n<meta property=\"og:url\" content=\"https:\/\/www.textisonics.com\/en\/big-bag\/\" \/>\n<meta property=\"og:site_name\" content=\"Texti Sonics\" \/>\n<meta property=\"og:image\" content=\"https:\/\/www.textisonics.com\/wp-content\/uploads\/2015\/08\/tissuBB-170x170.jpg\" \/>\n<meta name=\"twitter:card\" content=\"summary_large_image\" \/>\n<meta name=\"twitter:label1\" content=\"Est. reading time\" \/>\n\t<meta name=\"twitter:data1\" content=\"4 minutes\" \/>\n<script type=\"application\/ld+json\" class=\"yoast-schema-graph\">{\"@context\":\"https:\\\/\\\/schema.org\",\"@graph\":[{\"@type\":\"WebPage\",\"@id\":\"https:\\\/\\\/www.textisonics.com\\\/en\\\/big-bag\\\/\",\"url\":\"https:\\\/\\\/www.textisonics.com\\\/en\\\/big-bag\\\/\",\"name\":\"Big Bags - Texti Sonics\",\"isPartOf\":{\"@id\":\"https:\\\/\\\/www.textisonics.com\\\/#website\"},\"primaryImageOfPage\":{\"@id\":\"https:\\\/\\\/www.textisonics.com\\\/en\\\/big-bag\\\/#primaryimage\"},\"image\":{\"@id\":\"https:\\\/\\\/www.textisonics.com\\\/en\\\/big-bag\\\/#primaryimage\"},\"thumbnailUrl\":\"https:\\\/\\\/www.textisonics.com\\\/wp-content\\\/uploads\\\/2015\\\/08\\\/tissuBB-170x170.jpg\",\"datePublished\":\"2015-08-14T16:45:27+00:00\",\"breadcrumb\":{\"@id\":\"https:\\\/\\\/www.textisonics.com\\\/en\\\/big-bag\\\/#breadcrumb\"},\"inLanguage\":\"en-US\",\"potentialAction\":[{\"@type\":\"ReadAction\",\"target\":[\"https:\\\/\\\/www.textisonics.com\\\/en\\\/big-bag\\\/\"]}]},{\"@type\":\"ImageObject\",\"inLanguage\":\"en-US\",\"@id\":\"https:\\\/\\\/www.textisonics.com\\\/en\\\/big-bag\\\/#primaryimage\",\"url\":\"https:\\\/\\\/www.textisonics.com\\\/wp-content\\\/uploads\\\/2015\\\/08\\\/tissuBB-170x170.jpg\",\"contentUrl\":\"https:\\\/\\\/www.textisonics.com\\\/wp-content\\\/uploads\\\/2015\\\/08\\\/tissuBB-170x170.jpg\"},{\"@type\":\"BreadcrumbList\",\"@id\":\"https:\\\/\\\/www.textisonics.com\\\/en\\\/big-bag\\\/#breadcrumb\",\"itemListElement\":[{\"@type\":\"ListItem\",\"position\":1,\"name\":\"Accueil\",\"item\":\"https:\\\/\\\/www.textisonics.com\\\/en\\\/\"},{\"@type\":\"ListItem\",\"position\":2,\"name\":\"Big Bags\"}]},{\"@type\":\"WebSite\",\"@id\":\"https:\\\/\\\/www.textisonics.com\\\/#website\",\"url\":\"https:\\\/\\\/www.textisonics.com\\\/\",\"name\":\"Texti Sonics\",\"description\":\"Ultrasonics textil sewing and cutting\",\"publisher\":{\"@id\":\"https:\\\/\\\/www.textisonics.com\\\/#organization\"},\"potentialAction\":[{\"@type\":\"SearchAction\",\"target\":{\"@type\":\"EntryPoint\",\"urlTemplate\":\"https:\\\/\\\/www.textisonics.com\\\/?s={search_term_string}\"},\"query-input\":{\"@type\":\"PropertyValueSpecification\",\"valueRequired\":true,\"valueName\":\"search_term_string\"}}],\"inLanguage\":\"en-US\"},{\"@type\":\"Organization\",\"@id\":\"https:\\\/\\\/www.textisonics.com\\\/#organization\",\"name\":\"Textisonics\",\"url\":\"https:\\\/\\\/www.textisonics.com\\\/\",\"logo\":{\"@type\":\"ImageObject\",\"inLanguage\":\"en-US\",\"@id\":\"https:\\\/\\\/www.textisonics.com\\\/#\\\/schema\\\/logo\\\/image\\\/\",\"url\":\"https:\\\/\\\/www.textisonics.com\\\/wp-content\\\/uploads\\\/2015\\\/08\\\/logolast.png\",\"contentUrl\":\"https:\\\/\\\/www.textisonics.com\\\/wp-content\\\/uploads\\\/2015\\\/08\\\/logolast.png\",\"width\":307,\"height\":110,\"caption\":\"Textisonics\"},\"image\":{\"@id\":\"https:\\\/\\\/www.textisonics.com\\\/#\\\/schema\\\/logo\\\/image\\\/\"}}]}<\/script>\n<!-- \/ Yoast SEO plugin. -->","yoast_head_json":{"title":"Big Bags - Texti Sonics","robots":{"index":"index","follow":"follow","max-snippet":"max-snippet:-1","max-image-preview":"max-image-preview:large","max-video-preview":"max-video-preview:-1"},"canonical":"https:\/\/www.textisonics.com\/en\/big-bag\/","og_locale":"en_US","og_type":"article","og_title":"Big Bags - Texti Sonics","og_description":"[vc_row][vc_column][vc_column_text] Soudure et coupe par ultrasons sur tissus pour BIG-BAGS [\/vc_column_text][\/vc_column][\/vc_row][vc_row margin_top=&#8221;20&#8243; margin_bottom=&#8221;20&#8243;][vc_column][\/vc_column][\/vc_row][vc_row margin_top=&#8221;20&#8243; margin_bottom=&#8221;20&#8243;][vc_column][vc_column_text] Vous qui utilisez encore de la coupe \u00e0 chaud, passez \u00e0 une \u00e9tape sup\u00e9rieure pour vous ouvrir \u00e0 de nouveaux march\u00e9s ! [\/vc_column_text][\/vc_column][\/vc_row][vc_row][vc_column][\/vc_column][\/vc_row][vc_row margin_top=&#8221;20&#8243; margin_bottom=&#8221;20&#8243;][vc_column][vc_column_text] Les appareils de soudage et de coupe par ultrasons TEXTI SONICS sont \u00e9quip\u00e9s en exclusivit\u00e9&hellip;","og_url":"https:\/\/www.textisonics.com\/en\/big-bag\/","og_site_name":"Texti Sonics","og_image":[{"url":"https:\/\/www.textisonics.com\/wp-content\/uploads\/2015\/08\/tissuBB-170x170.jpg","type":"","width":"","height":""}],"twitter_card":"summary_large_image","twitter_misc":{"Est. reading time":"4 minutes"},"schema":{"@context":"https:\/\/schema.org","@graph":[{"@type":"WebPage","@id":"https:\/\/www.textisonics.com\/en\/big-bag\/","url":"https:\/\/www.textisonics.com\/en\/big-bag\/","name":"Big Bags - Texti Sonics","isPartOf":{"@id":"https:\/\/www.textisonics.com\/#website"},"primaryImageOfPage":{"@id":"https:\/\/www.textisonics.com\/en\/big-bag\/#primaryimage"},"image":{"@id":"https:\/\/www.textisonics.com\/en\/big-bag\/#primaryimage"},"thumbnailUrl":"https:\/\/www.textisonics.com\/wp-content\/uploads\/2015\/08\/tissuBB-170x170.jpg","datePublished":"2015-08-14T16:45:27+00:00","breadcrumb":{"@id":"https:\/\/www.textisonics.com\/en\/big-bag\/#breadcrumb"},"inLanguage":"en-US","potentialAction":[{"@type":"ReadAction","target":["https:\/\/www.textisonics.com\/en\/big-bag\/"]}]},{"@type":"ImageObject","inLanguage":"en-US","@id":"https:\/\/www.textisonics.com\/en\/big-bag\/#primaryimage","url":"https:\/\/www.textisonics.com\/wp-content\/uploads\/2015\/08\/tissuBB-170x170.jpg","contentUrl":"https:\/\/www.textisonics.com\/wp-content\/uploads\/2015\/08\/tissuBB-170x170.jpg"},{"@type":"BreadcrumbList","@id":"https:\/\/www.textisonics.com\/en\/big-bag\/#breadcrumb","itemListElement":[{"@type":"ListItem","position":1,"name":"Accueil","item":"https:\/\/www.textisonics.com\/en\/"},{"@type":"ListItem","position":2,"name":"Big Bags"}]},{"@type":"WebSite","@id":"https:\/\/www.textisonics.com\/#website","url":"https:\/\/www.textisonics.com\/","name":"Texti Sonics","description":"Ultrasonics textil sewing and cutting","publisher":{"@id":"https:\/\/www.textisonics.com\/#organization"},"potentialAction":[{"@type":"SearchAction","target":{"@type":"EntryPoint","urlTemplate":"https:\/\/www.textisonics.com\/?s={search_term_string}"},"query-input":{"@type":"PropertyValueSpecification","valueRequired":true,"valueName":"search_term_string"}}],"inLanguage":"en-US"},{"@type":"Organization","@id":"https:\/\/www.textisonics.com\/#organization","name":"Textisonics","url":"https:\/\/www.textisonics.com\/","logo":{"@type":"ImageObject","inLanguage":"en-US","@id":"https:\/\/www.textisonics.com\/#\/schema\/logo\/image\/","url":"https:\/\/www.textisonics.com\/wp-content\/uploads\/2015\/08\/logolast.png","contentUrl":"https:\/\/www.textisonics.com\/wp-content\/uploads\/2015\/08\/logolast.png","width":307,"height":110,"caption":"Textisonics"},"image":{"@id":"https:\/\/www.textisonics.com\/#\/schema\/logo\/image\/"}}]}},"_links":{"self":[{"href":"https:\/\/www.textisonics.com\/en\/wp-json\/wp\/v2\/pages\/791","targetHints":{"allow":["GET"]}}],"collection":[{"href":"https:\/\/www.textisonics.com\/en\/wp-json\/wp\/v2\/pages"}],"about":[{"href":"https:\/\/www.textisonics.com\/en\/wp-json\/wp\/v2\/types\/page"}],"author":[{"embeddable":true,"href":"https:\/\/www.textisonics.com\/en\/wp-json\/wp\/v2\/users\/1"}],"replies":[{"embeddable":true,"href":"https:\/\/www.textisonics.com\/en\/wp-json\/wp\/v2\/comments?post=791"}],"version-history":[{"count":0,"href":"https:\/\/www.textisonics.com\/en\/wp-json\/wp\/v2\/pages\/791\/revisions"}],"wp:attachment":[{"href":"https:\/\/www.textisonics.com\/en\/wp-json\/wp\/v2\/media?parent=791"}],"curies":[{"name":"wp","href":"https:\/\/api.w.org\/{rel}","templated":true}]}}